{"id":2,"date":"2016-01-03T20:59:32","date_gmt":"2016-01-03T20:59:32","guid":{"rendered":"http:\/\/www.jedemedosklepa.cz\/?page_id=2"},"modified":"2021-11-05T09:11:10","modified_gmt":"2021-11-05T08:11:10","slug":"sample-page","status":"publish","type":"page","link":"https:\/\/www.jedemedosklepa.cz\/en\/","title":{"rendered":"Accommodation at the wine cellar in Moravia"},"content":{"rendered":"<p><span style=\"font-weight: 400;\">One of our wine cellars is situated in a village called <a href=\"https:\/\/www.mikulcice.cz\/\" target=\"_blank\" rel=\"noopener noreferrer\">Mikulcice<\/a>. The area of wine cellars is in the separate part of the village and consists of over 20 wine cellars in the street next to each other. Behind each of the wine cellars, one can enjoy an amazing view over the vineyard and peacefully relax.<\/span><\/p>\n<p><span style=\"font-weight: 400;\">Our second wine cellar is situated in the small village called <a href=\"https:\/\/www.nechory.cz\/\" target=\"_blank\" rel=\"noopener noreferrer\">Nechory<\/a>, which is a wine village inside of a village <a href=\"https:\/\/www.obecprusanky.cz\/novy\/\" target=\"_blank\" rel=\"noopener noreferrer\">Prusanky<\/a>. In this area is located more than 450 wine cellars all together and makes it a great location to make trips to the surroundings of this area. Nearby, there are many cultural events, where one can just explore the area walking or for example bike around.<\/span><\/p>\n<p><span style=\"font-weight: 400;\">There are several cycling-ways that are suitable also for the families with children, and experienced bikers too. (More in the section Tourism)<\/span><\/p>\n<p><span style=\"font-weight: 400;\">Part of this wine Moravian village is wine tasting in the surrounding wine cellars and visiting winery events in the neighbouring villages. The complete overview of the wine events and all interesting events of this area you can find on the website <\/span><i><span style=\"font-weight: 400;\">Wine events<\/span><\/i><span style=\"font-weight: 400;\">.<\/span><\/p>\n<p><span style=\"font-weight: 400;\">For longer stays (4 nights and more) there is a swimming pool available with the possibility of BBQ in the close village Luzice.<\/span><\/p>\n<p><img decoding=\"async\" loading=\"lazy\" class=\" wp-image-515 aligncenter\" src=\"http:\/\/www.jedemedosklepa.cz\/wp-content\/uploads\/2019\/11\/DSC_0192-300x199.jpg\" alt=\"\" width=\"451\" height=\"299\" srcset=\"https:\/\/www.jedemedosklepa.cz\/wp-content\/uploads\/2019\/11\/DSC_0192-300x199.jpg 300w, https:\/\/www.jedemedosklepa.cz\/wp-content\/uploads\/2019\/11\/DSC_0192-1024x678.jpg 1024w, https:\/\/www.jedemedosklepa.cz\/wp-content\/uploads\/2019\/11\/DSC_0192-768x509.jpg 768w, https:\/\/www.jedemedosklepa.cz\/wp-content\/uploads\/2019\/11\/DSC_0192-1536x1017.jpg 1536w, https:\/\/www.jedemedosklepa.cz\/wp-content\/uploads\/2019\/11\/DSC_0192-2048x1356.jpg 2048w, https:\/\/www.jedemedosklepa.cz\/wp-content\/uploads\/2019\/11\/DSC_0192-1140x755.jpg 1140w\" sizes=\"(max-width: 451px) 100vw, 451px\" \/><\/p>\n<h2><b>WHY TO STAY IN OUR WINE CELLAR?<\/b><\/h2>\n<ul>\n<li><span style=\"font-weight: 400;\">Newly reconstructed and fully equipped wine cellars<\/span><\/li>\n<li><span style=\"font-weight: 400;\">Rooms with the own bathroom, kitchen in the wine cellar<\/span><\/li>\n<li><span style=\"font-weight: 400;\">Prices from 400 CZK (16\u20ac) per person per night*<\/span><\/li>\n<li><span style=\"font-weight: 400;\">Possibility of the guided wine tasting of our home-made wine**<\/span><\/li>\n<li><span style=\"font-weight: 400;\">Wide range of the cycling-ways\u00a0<\/span><\/li>\n<li><span style=\"font-weight: 400;\">Self-catering in the kitchen or in the near restaurants or pubs<\/span><\/li>\n<li><span style=\"font-weight: 400;\">Opportunity if renting out the pool and barbecue place in the near village Luzice<\/span><\/li>\n<li><span style=\"font-weight: 400;\">Families with kids and pets are welcome<\/span><\/li>\n<\/ul>\n<p><span style=\"font-weight: 400;\">*with the stay longer than 4 days<\/span><\/p>\n<p><span style=\"font-weight: 400;\">**it is possible to order food together with the tasting in the form of small tapas, traditional meat products and variety of cheeses; vegetarian option available as well<\/span><\/p>\n<p><img decoding=\"async\" loading=\"lazy\" class=\" wp-image-522 aligncenter\" src=\"http:\/\/www.jedemedosklepa.cz\/wp-content\/uploads\/2019\/11\/Bez-n\u00e1zvu-300x164.jpg\" alt=\"\" width=\"471\" height=\"257\" srcset=\"https:\/\/www.jedemedosklepa.cz\/wp-content\/uploads\/2019\/11\/Bez-n\u00e1zvu-300x164.jpg 300w, https:\/\/www.jedemedosklepa.cz\/wp-content\/uploads\/2019\/11\/Bez-n\u00e1zvu.jpg 683w\" sizes=\"(max-width: 471px) 100vw, 471px\" \/><\/p>\n<h2><strong>WINE EVENTS<\/strong><\/h2>\n<p><img decoding=\"async\" loading=\"lazy\" class=\"aligncenter\" src=\"https:\/\/www.czech-tim.cz\/wp-content\/uploads\/2018\/01\/24_1-696x423.jpg\" alt=\"V\u00fdsledek obr\u00e1zku pro vina\u0159sk\u00e9 akce\" width=\"470\" height=\"286\" \/><\/p>\n<p><span style=\"font-weight: 400;\">Wine events, wine exhibitions, wine tastings, wine fairs and other events from the area of winery you can find on the website <\/span><a href=\"https:\/\/www.wineofczechrepublic.cz\/akce-a-novinky\/kalendar-akci.html\" target=\"_blank\" rel=\"noopener noreferrer\"><i><span style=\"font-weight: 400;\">Calendar of wine events in the area of Slovacko<\/span><\/i><\/a><span style=\"font-weight: 400;\"> and <\/span><a href=\"http:\/\/www.mikulov.cz\/turistika\/vino-a-vinarska-turistika\/vinarske-akce\/\" target=\"_blank\" rel=\"noopener noreferrer\"><i><span style=\"font-weight: 400;\">Calendar of wine events in the area of Mikulov<\/span><\/i><\/a><span style=\"font-weight: 400;\">.<\/span><\/p>\n<h2><strong>CYCLING<\/strong><\/h2>\n<p><img decoding=\"async\" loading=\"lazy\" class=\"aligncenter\" src=\"https:\/\/www.hledamvino.cz\/wp-content\/uploads\/2018\/06\/Moravsk%C3%A9-vina%C5%99sk%C3%A9-stezky-03-1280x720-1024x576.jpg\" alt=\"Souvisej\u00edc\u00ed obr\u00e1zek\" width=\"470\" height=\"265\" \/><\/p>\n<p><span style=\"font-weight: 400;\">In few past years, the South-Moravian region is fastly developing in cycling tourism. From the wide range of the cycling ways everyone can choose their fit \u2013 beginner, family with children or experienced biker as well.\u00a0<\/span><\/p>\n<p><span style=\"font-weight: 400;\">Come and explore beautiful nature and vineyards of South-Moravian region!<\/span><\/p>\n<p><a href=\"http:\/\/www.mistopisy.cz\"><span style=\"font-weight: 400;\">www.mistopisy.cz<\/span><\/a><\/p>\n","protected":false},"excerpt":{"rendered":"<p>One of our wine cellars is situated in a village called Mikulcice. The area of wine cellars is in the separate part of the village and consists of over 20 wine cellars in the street next to each other. Behind each of the wine cellars, one can enjoy an amazing view over the vineyard and<span class=\"excerpt-ellipsis\">&#8230;<\/span><\/p>\n<p><a class=\"more-link\" href=\"https:\/\/www.jedemedosklepa.cz\/en\/\" itemprop=\"url\">Continue Reading<\/a><\/p>\n","protected":false},"author":1,"featured_media":0,"parent":0,"menu_order":0,"comment_status":"closed","ping_status":"open","template":"","meta":[],"_links":{"self":[{"href":"https:\/\/www.jedemedosklepa.cz\/en\/wp-json\/wp\/v2\/pages\/2"}],"collection":[{"href":"https:\/\/www.jedemedosklepa.cz\/en\/wp-json\/wp\/v2\/pages"}],"about":[{"href":"https:\/\/www.jedemedosklepa.cz\/en\/wp-json\/wp\/v2\/types\/page"}],"author":[{"embeddable":true,"href":"https:\/\/www.jedemedosklepa.cz\/en\/wp-json\/wp\/v2\/users\/1"}],"replies":[{"embeddable":true,"href":"https:\/\/www.jedemedosklepa.cz\/en\/wp-json\/wp\/v2\/comments?post=2"}],"version-history":[{"count":31,"href":"https:\/\/www.jedemedosklepa.cz\/en\/wp-json\/wp\/v2\/pages\/2\/revisions"}],"predecessor-version":[{"id":641,"href":"https:\/\/www.jedemedosklepa.cz\/en\/wp-json\/wp\/v2\/pages\/2\/revisions\/641"}],"wp:attachment":[{"href":"https:\/\/www.jedemedosklepa.cz\/en\/wp-json\/wp\/v2\/media?parent=2"}],"curies":[{"name":"wp","href":"https:\/\/api.w.org\/{rel}","templated":true}]}}