{"id":13,"date":"2016-01-03T21:36:20","date_gmt":"2016-01-03T21:36:20","guid":{"rendered":"http:\/\/www.jedemedosklepa.cz\/?page_id=13"},"modified":"2023-08-01T07:43:19","modified_gmt":"2023-08-01T06:43:19","slug":"turistika","status":"publish","type":"page","link":"https:\/\/www.jedemedosklepa.cz\/en\/turistika\/","title":{"rendered":"Tourism"},"content":{"rendered":"<h2>Biking trips around Moravian vineyards<\/h2>\n<p><span style=\"font-weight: 400;\">Our wine cellars are located on a wine trail called Podluzi. There is many cycling ways around in the surrounding of the area and there is a possibility to borrow a cyclo-touristic map of the Moravian wine trails.<\/span><\/p>\n<h2>Cultural sights<\/h2>\n<h3>Mounds of Mikulcice (Mikul\u010dick\u00e9 Valy)<\/h3>\n<p><img decoding=\"async\" loading=\"lazy\" class=\"aligncenter\" src=\"https:\/\/img.cncenter.cz\/img\/11\/normal690\/2967271_v0.jpg?v=0\" alt=\"V\u00fdsledek obr\u00e1zku pro archeologick\u00e9 vykop\u00e1vky mikul\u010dice\" width=\"500\" height=\"296\" \/><\/p>\n<p><span style=\"font-weight: 400;\">The Mounds of Mikulcice are a significant settlement from the period of Great Moravian Empire in the close surrounding of Mikulcice. By its area around 100 000m<\/span><span style=\"font-weight: 400;\">2<\/span><span style=\"font-weight: 400;\"> presents one of the most extensive archeological site in the Czech Republic. The site is under protection as a cultural heritage. It is considered to be one of the most significant fortified settlements with the arrangement of the town structure with a military character. There is an evidence about settlement of pre-Great Moravian and Great Moravian area with many churchers and artifacts testifying to the presence of Great Moravian nobility.<\/span><\/p>\n<h3 style=\"clear: both;\">Lednice-Valtice area (Lednicko Valtick\u00fd are\u00e1l)<\/h3>\n<p><img decoding=\"async\" loading=\"lazy\" class=\"aligncenter\" src=\"https:\/\/www.freeport.cz\/data\/imgs\/17590l.jpg\" alt=\"V\u00fdsledek obr\u00e1zku pro lednicko valticky areal\" width=\"499\" height=\"278\" \/><\/p>\n<p><span style=\"font-weight: 400;\">Majestic castles that are surrounded by far-reaching gardens. Flowerbeds that are covered by wide range of flowers. Extensive golden fields changing into green woods. The romantic landscape decorated by lakes, on which surface there are plenty of water lilies. Along the paths, there are many significant buildings. This all and much more was created by the family of Liechtenstein.<\/span><\/p>\n<h3 style=\"clear: both;\">Castle Buchlovice (Z\u00e1mek Buchlovice)<\/h3>\n<p><img decoding=\"async\" loading=\"lazy\" class=\"aligncenter\" src=\"https:\/\/www.zamek-buchlovice.cz\/website\/var\/tmp\/image-thumbnails\/0\/168\/thumb__OgTagImage\/buchlovice_uvodni_foto.jpeg\" alt=\"V\u00fdsledek obr\u00e1zku pro z\u00e1mek bUCHLOVICE\" width=\"500\" height=\"262\" \/><\/p>\n<p><span style=\"font-weight: 400;\">The castle Buchlovice, situated close to the castle Buchlov, belongs to the most significant baroque aristocratic residence located in the area of the Czech Republic. The quality architecture, extensive collections, well-known owners and very important place in the last years of the Habsburg monarchy makes the castle more important reaching behind the Czech borders.<\/span><\/p>\n<p><span style=\"font-weight: 400;\">More on the websites of <a href=\"https:\/\/www.zamek-buchlovice.cz\/en\" target=\"_blank\" rel=\"noopener noreferrer\">Z\u00e1mek Buchlovice<\/a>.<\/span><\/p>\n<h3 style=\"clear: both;\">Castle Buchlov (Hrad Buchlov)<\/h3>\n<p><img decoding=\"async\" loading=\"lazy\" class=\"aligncenter\" src=\"https:\/\/bzmedia.cz\/venue\/0a\/33\/2a1b\/39\/78\/b168\/wHkZP-mu2Ww36vHuqRBcu7jYCfEs8Ouh.jpg\" alt=\"Souvisej\u00edc\u00ed obr\u00e1zek\" width=\"499\" height=\"272\" \/><\/p>\n<p><span style=\"font-weight: 400;\">The beginnings of the castle date back to the first half of the 13th century. It was established by the Czech king as a strategically situated defensive fortress and an administrative center with jurisdiction.<\/span><\/p>\n<p><span style=\"font-weight: 400;\">More on the websites of <a href=\"https:\/\/www.hrad-buchlov.cz\/en\" target=\"_blank\" rel=\"noopener noreferrer\">Hrad Buchlov<\/a>.<\/span><\/p>\n<h3 style=\"clear: both;\">Castle Milotice (Z\u00e1mek Milotice)<\/h3>\n<p><img decoding=\"async\" loading=\"lazy\" class=\"aligncenter\" src=\"https:\/\/jupigo.com\/kam-na-vylet\/wp-content\/uploads\/2018\/05\/31449149_209492279831568_2165651943777632256_n-e1530019791943.jpg\" alt=\"Souvisej\u00edc\u00ed obr\u00e1zek\" width=\"500\" height=\"355\" \/><\/p>\n<p><span style=\"font-weight: 400;\">This picturesque baroque castle is situated in the municipality of Milotice, that is located in the in the South-eastern part of the region Moravia, around 60 km far from the city of Brno and 26 km from Nechory, in the area of rich cultural folklore traditions and a delicious wine.\u00a0<\/span><\/p>\n<p><span style=\"font-weight: 400;\">More on the websites of <a href=\"https:\/\/www.zamek-milotice.cz\/en\" target=\"_blank\" rel=\"noopener noreferrer\">Z\u00e1mek Milotice<\/a>.<\/span><\/p>\n<h3><span style=\"font-weight: 400;\">Open-air museum Straznice (Skanzen Str\u00e1\u017enice)<\/span><\/h3>\n<p><img decoding=\"async\" loading=\"lazy\" class=\"aligncenter\" src=\"http:\/\/files.brnozurnal.webnode.cz\/200002176-f360b01300\/Do%C5%BE%C3%ADnky%20-%203.jpg\" alt=\"Souvisej\u00edc\u00ed obr\u00e1zek\" width=\"499\" height=\"259\" \/><\/p>\n<p><span style=\"font-weight: 400;\">An exposition situated in different objects is introducing the visitor a way of living in the mountain ranges of Slovacko region, as well as in the fertile area of Pomorav\u00ed (surroundings of the river Morava), where a a big part of the economy is based on the vine growing. A demonstration of vineyard buildings and their facilities, which is complemented by the vineyard representing growing of wine from ancient time to how it is right now. It is the only exposition its kind in the Czech territory.<\/span><\/p>\n<p><span style=\"font-weight: 400;\">More on the websites of <a href=\"http:\/\/www.skanzenstraznice.cz\/\" target=\"_blank\" rel=\"noopener noreferrer\">Skanzen<\/a>.<\/span><\/p>\n<h3 style=\"clear: both;\">Palava<\/h3>\n<p><img decoding=\"async\" loading=\"lazy\" class=\"aligncenter\" src=\"https:\/\/www.wineofczechrepublic.cz\/images\/aktuality\/hlavni_obrazky\/aktuality_7358\/04videopalava.jpeg\" alt=\"V\u00fdsledek obr\u00e1zku pro p\u00e1lava\" width=\"500\" height=\"333\" \/><\/p>\n<p><span style=\"font-weight: 400;\">Palava is located in the north-western tip of the Pannonian lowland, in the warmest and almost the driest area of the Czech Republic. That also creates the opportunity for vine growing and the presence of unique kinds of plants not growing anywhere else. There is one, and best-known, kind of the Czech white wine called just after this area &#8211; P\u00e1lava.<\/span><\/p>\n<p><span style=\"font-weight: 400;\">More on the websites of <a href=\"http:\/\/www.mikulov.cz\/tourism\/active-leisure-time\/foot-tourism\/palava-nature-reserve\/?languageId=1\" target=\"_blank\" rel=\"noopener noreferrer\">Palava<\/a>.<\/span><\/p>\n<p><span style=\"font-weight: 400;\">Another interesting tips of where to go you can find available in the <a href=\"http:\/\/www.podluzi.cz\/turistika\/cs\/turisticky-pruvodce\" target=\"_blank\" rel=\"noopener noreferrer\">Touristic guide<\/a>.<\/span><\/p>\n","protected":false},"excerpt":{"rendered":"<p>Biking trips around Moravian vineyards Our wine cellars are located on a wine trail called Podluzi. There is many cycling ways around in the surrounding of the area and there is a possibility to borrow a cyclo-touristic map of the Moravian wine trails. Cultural sights Mounds of Mikulcice (Mikul\u010dick\u00e9 Valy) The Mounds of Mikulcice are<span class=\"excerpt-ellipsis\">&#8230;<\/span><\/p>\n<p><a class=\"more-link\" href=\"https:\/\/www.jedemedosklepa.cz\/en\/turistika\/\" itemprop=\"url\">Continue Reading<\/a><\/p>\n","protected":false},"author":1,"featured_media":0,"parent":0,"menu_order":5,"comment_status":"closed","ping_status":"closed","template":"","meta":[],"_links":{"self":[{"href":"https:\/\/www.jedemedosklepa.cz\/en\/wp-json\/wp\/v2\/pages\/13"}],"collection":[{"href":"https:\/\/www.jedemedosklepa.cz\/en\/wp-json\/wp\/v2\/pages"}],"about":[{"href":"https:\/\/www.jedemedosklepa.cz\/en\/wp-json\/wp\/v2\/types\/page"}],"author":[{"embeddable":true,"href":"https:\/\/www.jedemedosklepa.cz\/en\/wp-json\/wp\/v2\/users\/1"}],"replies":[{"embeddable":true,"href":"https:\/\/www.jedemedosklepa.cz\/en\/wp-json\/wp\/v2\/comments?post=13"}],"version-history":[{"count":15,"href":"https:\/\/www.jedemedosklepa.cz\/en\/wp-json\/wp\/v2\/pages\/13\/revisions"}],"predecessor-version":[{"id":712,"href":"https:\/\/www.jedemedosklepa.cz\/en\/wp-json\/wp\/v2\/pages\/13\/revisions\/712"}],"wp:attachment":[{"href":"https:\/\/www.jedemedosklepa.cz\/en\/wp-json\/wp\/v2\/media?parent=13"}],"curies":[{"name":"wp","href":"https:\/\/api.w.org\/{rel}","templated":true}]}}